{"id":10,"date":"2025-09-29T14:53:18","date_gmt":"2025-09-29T14:53:18","guid":{"rendered":"https:\/\/vallenge.com.br\/?page_id=10"},"modified":"2025-12-02T10:31:57","modified_gmt":"2025-12-02T13:31:57","slug":"manutencao","status":"publish","type":"page","link":"https:\/\/vallenge.com.br\/","title":{"rendered":"Manuten\u00e7\u00e3o"},"content":{"rendered":"\t\t<div data-elementor-type=\"wp-page\" data-elementor-id=\"10\" class=\"elementor elementor-10\">\n\t\t\t\t<div class=\"elementor-element elementor-element-a519038 e-flex e-con-boxed wpr-particle-no wpr-jarallax-no wpr-parallax-no wpr-sticky-section-no e-con e-parent\" data-id=\"a519038\" data-element_type=\"container\">\n\t\t\t\t\t<div class=\"e-con-inner\">\n\t\t\t\t\t<\/div>\n\t\t\t\t<\/div>\n\t\t<div class=\"elementor-element elementor-element-7e0e364 e-flex e-con-boxed wpr-particle-no wpr-jarallax-no wpr-parallax-no wpr-sticky-section-no e-con e-parent\" data-id=\"7e0e364\" data-element_type=\"container\">\n\t\t\t\t\t<div class=\"e-con-inner\">\n\t\t\t\t<div class=\"elementor-element elementor-element-7130769 elementor-widget elementor-widget-heading\" data-id=\"7130769\" data-element_type=\"widget\" data-widget_type=\"heading.default\">\n\t\t\t\t\t<h2 class=\"elementor-heading-title elementor-size-default\">Nosso site est\u00e1 em manuten\u00e7\u00e3o<\/h2>\t\t\t\t<\/div>\n\t\t\t\t\t<\/div>\n\t\t\t\t<\/div>\n\t\t<div class=\"elementor-element elementor-element-1f2dcce e-flex e-con-boxed wpr-particle-no wpr-jarallax-no wpr-parallax-no wpr-sticky-section-no e-con e-parent\" data-id=\"1f2dcce\" data-element_type=\"container\">\n\t\t\t\t\t<div class=\"e-con-inner\">\n\t\t\t\t<div class=\"elementor-element elementor-element-47e7252 elementor-widget elementor-widget-heading\" data-id=\"47e7252\" data-element_type=\"widget\" data-widget_type=\"heading.default\">\n\t\t\t\t\t<h2 class=\"elementor-heading-title elementor-size-default\">Estamos realizando melhorias para oferecer uma experi\u00eancia ainda melhor<\/h2>\t\t\t\t<\/div>\n\t\t\t\t\t<\/div>\n\t\t\t\t<\/div>\n\t\t<div class=\"elementor-element elementor-element-9b97f84 e-flex e-con-boxed wpr-particle-no wpr-jarallax-no wpr-parallax-no wpr-sticky-section-no e-con e-parent\" data-id=\"9b97f84\" data-element_type=\"container\">\n\t\t\t\t\t<div class=\"e-con-inner\">\n\t\t\t\t<div class=\"elementor-element elementor-element-a9dc3e0 elementor-widget elementor-widget-heading\" data-id=\"a9dc3e0\" data-element_type=\"widget\" data-widget_type=\"heading.default\">\n\t\t\t\t\t<h2 class=\"elementor-heading-title elementor-size-default\">Somos a Vallenge Engenharia.<br><br>Entregamos t\u00e9cnica, responsabilidade ambiental e inova\u00e7\u00e3o.<br>A nossa engenharia \u00e9 uma poderosa ferramenta de transforma\u00e7\u00e3o!<br><br>Fale conosco agora atrav\u00e9s do WhatsApp ou escaneie QR Code<\/h2>\t\t\t\t<\/div>\n\t\t\t\t\t<\/div>\n\t\t\t\t<\/div>\n\t\t<div class=\"elementor-element elementor-element-fb7c74d e-grid e-con-boxed wpr-particle-no wpr-jarallax-no wpr-parallax-no wpr-sticky-section-no e-con e-parent\" data-id=\"fb7c74d\" data-element_type=\"container\">\n\t\t\t\t\t<div class=\"e-con-inner\">\n\t\t\t\t<div class=\"elementor-element elementor-element-0058f9f elementor-widget elementor-widget-image\" data-id=\"0058f9f\" data-element_type=\"widget\" data-widget_type=\"image.default\">\n\t\t\t\t\t\t\t\t\t\t\t\t<figure class=\"wp-caption\">\n\t\t\t\t\t\t\t\t\t\t<img fetchpriority=\"high\" decoding=\"async\" width=\"666\" height=\"195\" src=\"https:\/\/vallenge.com.br\/wp-content\/uploads\/2025\/09\/VLG-Logo-Horizontal-Para-Fundo-Branco2.png\" class=\"attachment-large size-large wp-image-38\" alt=\"\" srcset=\"https:\/\/vallenge.com.br\/wp-content\/uploads\/2025\/09\/VLG-Logo-Horizontal-Para-Fundo-Branco2.png 666w, https:\/\/vallenge.com.br\/wp-content\/uploads\/2025\/09\/VLG-Logo-Horizontal-Para-Fundo-Branco2-300x88.png 300w\" sizes=\"(max-width: 666px) 100vw, 666px\" \/>\t\t\t\t\t\t\t\t\t\t\t<figcaption class=\"widget-image-caption wp-caption-text\">Confian\u00e7a presente, progresso futuro<\/figcaption>\n\t\t\t\t\t\t\t\t\t\t<\/figure>\n\t\t\t\t\t\t\t\t\t<\/div>\n\t\t\t\t<div class=\"elementor-element elementor-element-9326e01 elementor-widget elementor-widget-image\" data-id=\"9326e01\" data-element_type=\"widget\" data-widget_type=\"image.default\">\n\t\t\t\t\t\t\t\t\t\t\t\t<figure class=\"wp-caption\">\n\t\t\t\t\t\t\t\t\t\t\t<a href=\"https:\/\/wa.me\/5512936189663\">\n\t\t\t\t\t\t\t<img decoding=\"async\" width=\"382\" height=\"533\" src=\"https:\/\/vallenge.com.br\/wp-content\/uploads\/2025\/11\/Todoroww_low3.png\" class=\"attachment-large size-large wp-image-114\" alt=\"\" srcset=\"https:\/\/vallenge.com.br\/wp-content\/uploads\/2025\/11\/Todoroww_low3.png 382w, https:\/\/vallenge.com.br\/wp-content\/uploads\/2025\/11\/Todoroww_low3-215x300.png 215w\" sizes=\"(max-width: 382px) 100vw, 382px\" \/>\t\t\t\t\t\t\t\t<\/a>\n\t\t\t\t\t\t\t\t\t\t\t<figcaption class=\"widget-image-caption wp-caption-text\">Clique<\/figcaption>\n\t\t\t\t\t\t\t\t\t\t<\/figure>\n\t\t\t\t\t\t\t\t\t<\/div>\n\t\t\t\t<div class=\"elementor-element elementor-element-356a13b elementor-widget elementor-widget-image\" data-id=\"356a13b\" data-element_type=\"widget\" data-widget_type=\"image.default\">\n\t\t\t\t\t\t\t\t\t\t\t\t<figure class=\"wp-caption\">\n\t\t\t\t\t\t\t\t\t\t\t<a href=\"https:\/\/wa.me\/5512936189661\">\n\t\t\t\t\t\t\t<img decoding=\"async\" width=\"382\" height=\"614\" src=\"https:\/\/vallenge.com.br\/wp-content\/uploads\/2025\/11\/Gimena_low2.png\" class=\"attachment-large size-large wp-image-112\" alt=\"\" srcset=\"https:\/\/vallenge.com.br\/wp-content\/uploads\/2025\/11\/Gimena_low2.png 382w, https:\/\/vallenge.com.br\/wp-content\/uploads\/2025\/11\/Gimena_low2-187x300.png 187w\" sizes=\"(max-width: 382px) 100vw, 382px\" \/>\t\t\t\t\t\t\t\t<\/a>\n\t\t\t\t\t\t\t\t\t\t\t<figcaption class=\"widget-image-caption wp-caption-text\">Clique<\/figcaption>\n\t\t\t\t\t\t\t\t\t\t<\/figure>\n\t\t\t\t\t\t\t\t\t<\/div>\n\t\t\t\t\t<\/div>\n\t\t\t\t<\/div>\n\t\t\t\t<\/div>\n\t\t","protected":false},"excerpt":{"rendered":"<p>Nosso site est\u00e1 em manuten\u00e7\u00e3o Estamos realizando melhorias para oferecer uma experi\u00eancia ainda melhor Somos a Vallenge Engenharia. Entregamos t\u00e9cnica, responsabilidade ambiental e inova\u00e7\u00e3o.A nossa engenharia \u00e9 uma poderosa ferramenta de transforma\u00e7\u00e3o! Fale conosco agora atrav\u00e9s do WhatsApp ou escaneie QR Code Confian\u00e7a presente, progresso futuro Clique Clique<\/p>\n","protected":false},"author":2,"featured_media":0,"parent":0,"menu_order":0,"comment_status":"closed","ping_status":"closed","template":"elementor_header_footer","meta":{"iawp_total_views":1522,"footnotes":""},"class_list":["post-10","page","type-page","status-publish","hentry"],"_links":{"self":[{"href":"https:\/\/vallenge.com.br\/index.php\/wp-json\/wp\/v2\/pages\/10","targetHints":{"allow":["GET"]}}],"collection":[{"href":"https:\/\/vallenge.com.br\/index.php\/wp-json\/wp\/v2\/pages"}],"about":[{"href":"https:\/\/vallenge.com.br\/index.php\/wp-json\/wp\/v2\/types\/page"}],"author":[{"embeddable":true,"href":"https:\/\/vallenge.com.br\/index.php\/wp-json\/wp\/v2\/users\/2"}],"replies":[{"embeddable":true,"href":"https:\/\/vallenge.com.br\/index.php\/wp-json\/wp\/v2\/comments?post=10"}],"version-history":[{"count":55,"href":"https:\/\/vallenge.com.br\/index.php\/wp-json\/wp\/v2\/pages\/10\/revisions"}],"predecessor-version":[{"id":130,"href":"https:\/\/vallenge.com.br\/index.php\/wp-json\/wp\/v2\/pages\/10\/revisions\/130"}],"wp:attachment":[{"href":"https:\/\/vallenge.com.br\/index.php\/wp-json\/wp\/v2\/media?parent=10"}],"curies":[{"name":"wp","href":"https:\/\/api.w.org\/{rel}","templated":true}]}}